{"id":1059,"date":"2023-02-24T08:33:20","date_gmt":"2023-02-24T08:33:20","guid":{"rendered":"https:\/\/provialmobiliariourbano.com\/anunciate\/?page_id=1059"},"modified":"2023-02-24T10:27:10","modified_gmt":"2023-02-24T09:27:10","slug":"inicio-3","status":"publish","type":"page","link":"https:\/\/provialmobiliariourbano.com\/anunciate\/","title":{"rendered":"Inicio"},"content":{"rendered":"<div id=\"pl-1059\"  class=\"panel-layout\" ><div id=\"pg-1059-0\"  class=\"panel-grid panel-has-style\" ><div class=\"siteorigin-panels-stretch panel-row-style panel-row-style-for-1059-0\" data-stretch-type=\"full\" ><div id=\"pgc-1059-0-0\"  class=\"panel-grid-cell\" ><div id=\"panel-1059-0-0-0\" class=\"widget_text so-panel widget widget_custom_html panel-first-child\" data-index=\"0\" ><div class=\"widget_text flash_inherit_color panel-widget-style panel-widget-style-for-1059-0-0-0\" ><div class=\"textwidget custom-html-widget\"><h1 class=\"t1\">Tu valla publicitaria en <strong>tu provincia<\/strong><\/h1>\n<p style=\"margin-bottom:30px\">Aumenta la visibilidad de tu empresa con nuestros servicios de anuncios en postes y se\u00f1alizaciones de tu provincia. Disponemos de los mejores espacios publicitarios de la localidad, situados estrat\u00e9gicamente en todo tipo de se\u00f1ales y postes. Inf\u00f3rmate sin compromiso de todos nuestros servicios.<\/p><\/div><\/div><\/div><div id=\"panel-1059-0-0-1\" class=\"widget_text so-panel widget widget_custom_html panel-last-child\" data-index=\"1\" ><div class=\"widget_text panel-widget-style panel-widget-style-for-1059-0-0-1\" ><div class=\"textwidget custom-html-widget\"><h2 class=\"h2Aft\" style=\"color:white!important; margin-bottom:20px\">P\u00eddenos presupuesto sin compromiso<\/h2>\n\n<div class=\"wpcf7 no-js\" id=\"wpcf7-f162-o1\" lang=\"es-ES\" dir=\"ltr\">\n<div class=\"screen-reader-response\"><p role=\"status\" aria-live=\"polite\" aria-atomic=\"true\"><\/p> <ul><\/ul><\/div>\n<form action=\"\/anunciate\/wp-json\/wp\/v2\/pages\/1059#wpcf7-f162-o1\" method=\"post\" class=\"wpcf7-form init\" aria-label=\"Formulario de contacto\" novalidate=\"novalidate\" data-status=\"init\">\n<div style=\"display: none;\">\n<input type=\"hidden\" name=\"_wpcf7\" value=\"162\" \/>\n<input type=\"hidden\" name=\"_wpcf7_version\" value=\"5.7.3\" \/>\n<input type=\"hidden\" name=\"_wpcf7_locale\" value=\"es_ES\" \/>\n<input type=\"hidden\" name=\"_wpcf7_unit_tag\" value=\"wpcf7-f162-o1\" \/>\n<input type=\"hidden\" name=\"_wpcf7_container_post\" value=\"0\" \/>\n<input type=\"hidden\" name=\"_wpcf7_posted_data_hash\" value=\"\" \/>\n<\/div>\n<p><span class=\"wpcf7-form-control-wrap\" data-name=\"nombre\"><input size=\"40\" class=\"wpcf7-form-control wpcf7-text wpcf7-validates-as-required\" aria-required=\"true\" aria-invalid=\"false\" placeholder=\"NOMBRE\" value=\"\" type=\"text\" name=\"nombre\" \/><\/span>\n<\/p>\n<p><span class=\"wpcf7-form-control-wrap\" data-name=\"mail\"><input size=\"40\" class=\"wpcf7-form-control wpcf7-text wpcf7-email wpcf7-validates-as-required wpcf7-validates-as-email\" aria-required=\"true\" aria-invalid=\"false\" placeholder=\"CORREO ELECTR\u00d3NICO\" value=\"\" type=\"email\" name=\"mail\" \/><\/span>\n<\/p>\n<p><span class=\"wpcf7-form-control-wrap\" data-name=\"telefono\"><input size=\"40\" class=\"wpcf7-form-control wpcf7-text wpcf7-validates-as-required\" aria-required=\"true\" aria-invalid=\"false\" placeholder=\"TEL\u00c9FONO\" value=\"\" type=\"text\" name=\"telefono\" \/><\/span>\n<\/p>\n<p><span class=\"wpcf7-form-control-wrap\" data-name=\"mensaje\"><textarea cols=\"40\" rows=\"10\" class=\"wpcf7-form-control wpcf7-textarea\" aria-invalid=\"false\" placeholder=\"MENSAJE\" name=\"mensaje\"><\/textarea><\/span>\n<\/p>\n<p><input class=\"wpcf7-form-control has-spinner wpcf7-submit\" type=\"submit\" value=\"Enviar\" \/>\n<\/p><input type='hidden' class='wpcf7-pum' value='{\"closepopup\":false,\"closedelay\":0,\"openpopup\":false,\"openpopup_id\":0}' \/><div class=\"wpcf7-response-output\" aria-hidden=\"true\"><\/div>\n<\/form>\n<\/div>\n<\/div><\/div><\/div><\/div><\/div><\/div><\/div>","protected":false},"excerpt":{"rendered":"<p>Tu valla publicitaria en tu provincia Aumenta la visibilidad de tu empresa con nuestros servicios de anuncios en postes y [&hellip;]<\/p>\n","protected":false},"author":1,"featured_media":0,"parent":0,"menu_order":0,"comment_status":"closed","ping_status":"closed","template":"page-templates\/full-width.php","meta":{"footnotes":""},"class_list":["post-1059","page","type-page","status-publish","hentry"],"_links":{"self":[{"href":"https:\/\/provialmobiliariourbano.com\/anunciate\/wp-json\/wp\/v2\/pages\/1059","targetHints":{"allow":["GET"]}}],"collection":[{"href":"https:\/\/provialmobiliariourbano.com\/anunciate\/wp-json\/wp\/v2\/pages"}],"about":[{"href":"https:\/\/provialmobiliariourbano.com\/anunciate\/wp-json\/wp\/v2\/types\/page"}],"author":[{"embeddable":true,"href":"https:\/\/provialmobiliariourbano.com\/anunciate\/wp-json\/wp\/v2\/users\/1"}],"replies":[{"embeddable":true,"href":"https:\/\/provialmobiliariourbano.com\/anunciate\/wp-json\/wp\/v2\/comments?post=1059"}],"version-history":[{"count":13,"href":"https:\/\/provialmobiliariourbano.com\/anunciate\/wp-json\/wp\/v2\/pages\/1059\/revisions"}],"predecessor-version":[{"id":1075,"href":"https:\/\/provialmobiliariourbano.com\/anunciate\/wp-json\/wp\/v2\/pages\/1059\/revisions\/1075"}],"wp:attachment":[{"href":"https:\/\/provialmobiliariourbano.com\/anunciate\/wp-json\/wp\/v2\/media?parent=1059"}],"curies":[{"name":"wp","href":"https:\/\/api.w.org\/{rel}","templated":true}]}}